{"id":3,"date":"2022-05-30T09:07:26","date_gmt":"2022-05-30T07:07:26","guid":{"rendered":"http:\/\/localhost:8080\/?page_id=3"},"modified":"2022-06-22T16:29:59","modified_gmt":"2022-06-22T14:29:59","slug":"datenschutzerklaerung","status":"publish","type":"page","link":"https:\/\/www.rad23.de\/?page_id=3","title":{"rendered":"Datenschutzerkl\u00e4rung"},"content":{"rendered":"\n<h2 class=\"wp-block-heading\">Cookies<\/h2>\n\n\n\n<p>Diese Seite setzt grunds\u00e4tzlich nur Session-Cookies ein, die nach dem Schlie\u00dfen des Browserfensters gel\u00f6scht werden. Das Akzeptieren von Cookies ist keine Voraussetzung f\u00fcr die Nutzung der Seite, die Funktionalit\u00e4t der \u00f6ffentlichen Bereiche wird nicht eingeschr\u00e4nkt.<\/p>\n\n\n\n<h2 class=\"wp-block-heading\">Serverseitige Log-Dateien<\/h2>\n\n\n\n<p>Aus technischen Gr\u00fcnden werden auf dem Server Protokolle \u00fcber die Zugriffe gef\u00fchrt. Diese enthalten IP-Adressen, Zugriffszeiten und weitere technische Details, die niemanden interessieren und nicht direkt zu einer Person zuweisbar sind. Solche Daten werden so ziemlich auf jedem Server gespeichert &#8211; wer Ihnen was anderes erz\u00e4hlt ist entweder ein L\u00fcgner, oder hat nichts besseres zu tun, als die Standardfunktionalit\u00e4t der Serversoftware einzuschr\u00e4nken.<\/p>\n\n\n\n<p>Die Speicherung der Protokolle ist f\u00fcr den ordnunggem\u00e4\u00dfen Betrieb der Seite notwendig und f\u00e4llt somit unter Art. 6 der DSGVO, Part d.<\/p>\n\n\n\n<h2 class=\"wp-block-heading\">Auskunftsrecht<\/h2>\n\n\n\n<p>Bei schriftlicher Nachfrage kann jedem Benutzer dieser Webseite die Auskunft \u00fcber die Daten erteilt werden, die mit seiner Person im Zusammenhang stehen. N\u00e4mlich keine.<\/p>\n\n\n\n<h2 class=\"wp-block-heading\">Recht auf Vergessenwerden<\/h2>\n\n\n\n<p>Da auf der Seite keinerlei pers\u00f6nliche Daten gespeichert werden besteht auch kein bedarf zur L\u00f6schung, Anfragen werden jedoch per E-Mail (alexander[at]schwirjow.de) angenommen.<\/p>\n","protected":false},"excerpt":{"rendered":"<p>Cookies Diese Seite setzt grunds\u00e4tzlich nur Session-Cookies ein, die nach dem Schlie\u00dfen des Browserfensters gel\u00f6scht werden. Das Akzeptieren von Cookies ist keine Voraussetzung f\u00fcr die Nutzung der Seite, die Funktionalit\u00e4t der \u00f6ffentlichen Bereiche wird nicht eingeschr\u00e4nkt. Serverseitige Log-Dateien Aus technischen Gr\u00fcnden werden auf dem Server Protokolle \u00fcber die Zugriffe gef\u00fchrt. Diese enthalten IP-Adressen, Zugriffszeiten und [&hellip;]<\/p>\n","protected":false},"author":1,"featured_media":0,"parent":0,"menu_order":10,"comment_status":"closed","ping_status":"closed","template":"","meta":{"footnotes":""},"class_list":["post-3","page","type-page","status-publish","hentry"],"_links":{"self":[{"href":"https:\/\/www.rad23.de\/index.php?rest_route=\/wp\/v2\/pages\/3","targetHints":{"allow":["GET"]}}],"collection":[{"href":"https:\/\/www.rad23.de\/index.php?rest_route=\/wp\/v2\/pages"}],"about":[{"href":"https:\/\/www.rad23.de\/index.php?rest_route=\/wp\/v2\/types\/page"}],"author":[{"embeddable":true,"href":"https:\/\/www.rad23.de\/index.php?rest_route=\/wp\/v2\/users\/1"}],"replies":[{"embeddable":true,"href":"https:\/\/www.rad23.de\/index.php?rest_route=%2Fwp%2Fv2%2Fcomments&post=3"}],"version-history":[{"count":1,"href":"https:\/\/www.rad23.de\/index.php?rest_route=\/wp\/v2\/pages\/3\/revisions"}],"predecessor-version":[{"id":38,"href":"https:\/\/www.rad23.de\/index.php?rest_route=\/wp\/v2\/pages\/3\/revisions\/38"}],"wp:attachment":[{"href":"https:\/\/www.rad23.de\/index.php?rest_route=%2Fwp%2Fv2%2Fmedia&parent=3"}],"curies":[{"name":"wp","href":"https:\/\/api.w.org\/{rel}","templated":true}]}}